{"id":1093,"date":"2025-03-11T13:22:35","date_gmt":"2025-03-11T12:22:35","guid":{"rendered":"https:\/\/zednalife.com\/?page_id=1093"},"modified":"2025-03-17T11:47:01","modified_gmt":"2025-03-17T10:47:01","slug":"aktualis-ajanlatok","status":"publish","type":"page","link":"https:\/\/zednalife.com\/en\/aktualis-ajanlatok\/","title":{"rendered":"Latest offers"},"content":{"rendered":"<div data-elementor-type=\"wp-page\" data-elementor-id=\"1093\" class=\"elementor elementor-1093\" data-elementor-post-type=\"page\">\n\t\t\t\t\t\t<section class=\"elementor-section elementor-top-section elementor-element elementor-element-7b63b60a elementor-section-height-min-height elementor-section-boxed elementor-section-height-default elementor-section-items-middle\" data-id=\"7b63b60a\" data-element_type=\"section\" data-settings=\"{&quot;background_background&quot;:&quot;classic&quot;}\">\n\t\t\t\t\t\t\t<div class=\"elementor-background-overlay\"><\/div>\n\t\t\t\t\t\t\t<div class=\"elementor-container elementor-column-gap-default\">\n\t\t\t\t\t<div class=\"elementor-column elementor-col-100 elementor-top-column elementor-element elementor-element-6f40957d\" data-id=\"6f40957d\" data-element_type=\"column\">\n\t\t\t<div class=\"elementor-widget-wrap elementor-element-populated\">\n\t\t\t\t\t\t<div class=\"elementor-element elementor-element-3f8f7fd7 elementor-widget elementor-widget-text-editor\" data-id=\"3f8f7fd7\" data-element_type=\"widget\" data-widget_type=\"text-editor.default\">\n\t\t\t\t<div class=\"elementor-widget-container\">\n\t\t\t\t\t\t\t\t\t<p>Latest offers<\/p>\t\t\t\t\t\t\t\t<\/div>\n\t\t\t\t<\/div>\n\t\t\t\t<div class=\"elementor-element elementor-element-64f30e28 elementor-widget elementor-widget-heading\" data-id=\"64f30e28\" data-element_type=\"widget\" data-widget_type=\"heading.default\">\n\t\t\t\t<div class=\"elementor-widget-container\">\n\t\t\t\t\t<h3 class=\"elementor-heading-title elementor-size-default\">Healthcare solutions, simple and fast\n\n<\/h3>\t\t\t\t<\/div>\n\t\t\t\t<\/div>\n\t\t\t\t\t<\/div>\n\t\t<\/div>\n\t\t\t\t\t<\/div>\n\t\t<\/section>\n\t\t\t\t<section class=\"elementor-section elementor-top-section elementor-element elementor-element-5f609ff elementor-section-boxed elementor-section-height-default elementor-section-height-default\" data-id=\"5f609ff\" data-element_type=\"section\">\n\t\t\t\t\t\t<div class=\"elementor-container elementor-column-gap-default\">\n\t\t\t\t\t<div class=\"elementor-column elementor-col-50 elementor-top-column elementor-element elementor-element-352a00f\" data-id=\"352a00f\" data-element_type=\"column\">\n\t\t\t<div class=\"elementor-widget-wrap elementor-element-populated\">\n\t\t\t\t\t\t<div class=\"elementor-element elementor-element-daf453e elementor-widget elementor-widget-image\" data-id=\"daf453e\" data-element_type=\"widget\" data-widget_type=\"image.default\">\n\t\t\t\t<div class=\"elementor-widget-container\">\n\t\t\t\t\t\t\t\t\t\t\t\t\t\t\t\t<a href=\"https:\/\/zednalife.com\/wp-content\/uploads\/2025\/03\/1-2.jpg\" data-elementor-open-lightbox=\"yes\" data-e-action-hash=\"#elementor-action%3Aaction%3Dlightbox%26settings%3DeyJpZCI6MTEzNSwidXJsIjoiaHR0cHM6XC9cL3plZG5hbGlmZS5jb21cL3dwLWNvbnRlbnRcL3VwbG9hZHNcLzIwMjVcLzAzXC8xLTIuanBnIn0%3D\">\n\t\t\t\t\t\t\t<img fetchpriority=\"high\" decoding=\"async\" width=\"1414\" height=\"2000\" src=\"https:\/\/zednalife.com\/wp-content\/uploads\/2025\/03\/1-2.jpg\" class=\"attachment-full size-full wp-image-1135\" alt=\"\" srcset=\"https:\/\/zednalife.com\/wp-content\/uploads\/2025\/03\/1-2.jpg 1414w, https:\/\/zednalife.com\/wp-content\/uploads\/2025\/03\/1-2-212x300.jpg 212w, https:\/\/zednalife.com\/wp-content\/uploads\/2025\/03\/1-2-724x1024.jpg 724w, https:\/\/zednalife.com\/wp-content\/uploads\/2025\/03\/1-2-768x1086.jpg 768w, https:\/\/zednalife.com\/wp-content\/uploads\/2025\/03\/1-2-1086x1536.jpg 1086w, https:\/\/zednalife.com\/wp-content\/uploads\/2025\/03\/1-2-8x12.jpg 8w\" sizes=\"(max-width: 1414px) 100vw, 1414px\" \/>\t\t\t\t\t\t\t\t<\/a>\n\t\t\t\t\t\t\t\t\t\t\t\t\t\t\t<\/div>\n\t\t\t\t<\/div>\n\t\t\t\t\t<\/div>\n\t\t<\/div>\n\t\t\t\t<div class=\"elementor-column elementor-col-50 elementor-top-column elementor-element elementor-element-7e9bfa8\" data-id=\"7e9bfa8\" data-element_type=\"column\">\n\t\t\t<div class=\"elementor-widget-wrap elementor-element-populated\">\n\t\t\t\t\t\t<div class=\"elementor-element elementor-element-43f60c6 elementor-widget elementor-widget-image\" data-id=\"43f60c6\" data-element_type=\"widget\" data-widget_type=\"image.default\">\n\t\t\t\t<div class=\"elementor-widget-container\">\n\t\t\t\t\t\t\t\t\t\t\t\t\t\t\t\t<a href=\"https:\/\/zednalife.com\/wp-content\/uploads\/2025\/03\/2-2.jpg\" data-elementor-open-lightbox=\"yes\" data-e-action-hash=\"#elementor-action%3Aaction%3Dlightbox%26settings%3DeyJpZCI6MTEzNiwidXJsIjoiaHR0cHM6XC9cL3plZG5hbGlmZS5jb21cL3dwLWNvbnRlbnRcL3VwbG9hZHNcLzIwMjVcLzAzXC8yLTIuanBnIn0%3D\">\n\t\t\t\t\t\t\t<img decoding=\"async\" width=\"1414\" height=\"2000\" src=\"https:\/\/zednalife.com\/wp-content\/uploads\/2025\/03\/2-2.jpg\" class=\"attachment-full size-full wp-image-1136\" alt=\"\" srcset=\"https:\/\/zednalife.com\/wp-content\/uploads\/2025\/03\/2-2.jpg 1414w, https:\/\/zednalife.com\/wp-content\/uploads\/2025\/03\/2-2-212x300.jpg 212w, https:\/\/zednalife.com\/wp-content\/uploads\/2025\/03\/2-2-724x1024.jpg 724w, https:\/\/zednalife.com\/wp-content\/uploads\/2025\/03\/2-2-768x1086.jpg 768w, https:\/\/zednalife.com\/wp-content\/uploads\/2025\/03\/2-2-1086x1536.jpg 1086w, https:\/\/zednalife.com\/wp-content\/uploads\/2025\/03\/2-2-8x12.jpg 8w\" sizes=\"(max-width: 1414px) 100vw, 1414px\" \/>\t\t\t\t\t\t\t\t<\/a>\n\t\t\t\t\t\t\t\t\t\t\t\t\t\t\t<\/div>\n\t\t\t\t<\/div>\n\t\t\t\t\t<\/div>\n\t\t<\/div>\n\t\t\t\t\t<\/div>\n\t\t<\/section>\n\t\t\t\t<\/div>","protected":false},"excerpt":{"rendered":"<p>Aktu\u00e1lis aj\u00e1nlatok Eg\u00e9szs\u00e9g\u00fcgyi megold\u00e1sok, egyszer\u0171en \u00e9s gyorsan<\/p>","protected":false},"author":1,"featured_media":0,"parent":0,"menu_order":0,"comment_status":"closed","ping_status":"closed","template":"elementor_header_footer","meta":{"_seopress_robots_primary_cat":"","_seopress_titles_title":"Zedna Life & Health I Aktu\u00e1lis aj\u00e1nlatok","_seopress_titles_desc":"Tekintse meg folyamatosan friss\u00fcl\u0151 aj\u00e1nlatainkat.","_seopress_robots_index":"","footnotes":""},"class_list":["post-1093","page","type-page","status-publish","hentry"],"_links":{"self":[{"href":"https:\/\/zednalife.com\/en\/wp-json\/wp\/v2\/pages\/1093","targetHints":{"allow":["GET"]}}],"collection":[{"href":"https:\/\/zednalife.com\/en\/wp-json\/wp\/v2\/pages"}],"about":[{"href":"https:\/\/zednalife.com\/en\/wp-json\/wp\/v2\/types\/page"}],"author":[{"embeddable":true,"href":"https:\/\/zednalife.com\/en\/wp-json\/wp\/v2\/users\/1"}],"replies":[{"embeddable":true,"href":"https:\/\/zednalife.com\/en\/wp-json\/wp\/v2\/comments?post=1093"}],"version-history":[{"count":61,"href":"https:\/\/zednalife.com\/en\/wp-json\/wp\/v2\/pages\/1093\/revisions"}],"predecessor-version":[{"id":1161,"href":"https:\/\/zednalife.com\/en\/wp-json\/wp\/v2\/pages\/1093\/revisions\/1161"}],"wp:attachment":[{"href":"https:\/\/zednalife.com\/en\/wp-json\/wp\/v2\/media?parent=1093"}],"curies":[{"name":"wp","href":"https:\/\/api.w.org\/{rel}","templated":true}]}}